{"id":1564,"date":"2019-02-02T18:26:11","date_gmt":"2019-02-02T17:26:11","guid":{"rendered":"https:\/\/www.samma-rockt.de\/index.php\/datenschutzbelehrung\/"},"modified":"2024-07-02T23:43:53","modified_gmt":"2024-07-02T21:43:53","slug":"datenschutzbelehrung","status":"publish","type":"page","link":"https:\/\/www.samma-rockt.de\/index.php\/datenschutzbelehrung\/","title":{"rendered":"Datenschutzbelehrung"},"content":{"rendered":"\n<p>Verantwortlicher:<\/p>\n\n\n\n<p>Name: Kulturverein Sammenheim-Sausenhofen<br>Stra\u00dfe Nr.: Sammenheim 52<br>PLZ, Ort: 91723 Dittenheim<br>1. Vorstand: Simon Bei\u00dfer<br>E-Mailadresse:\u00a0samma.rockt@gmail.com<\/p>\n\n\n\n<p><strong>Grunds\u00e4tzliche Angaben zur Datenverarbeitung und Rechtsgrundlagen<\/strong><\/p>\n\n\n\n<ol class=\"wp-block-list\">\n<li>Diese Datenschutzerkl\u00e4rung kl\u00e4rt Sie \u00fcber die Art, den Umfang und Zweck der Verarbeitung von personenbezogenen Daten innerhalb unseres Onlineangebotes und der mit ihm verbundenen Webseiten, Funktionen und Inhalte (nachfolgend gemeinsam bezeichnet als \u201eOnlineangebot\u201c oder \u201eWebsite\u201c) auf. Die Datenschutzerkl\u00e4rung gilt unabh\u00e4ngig von den verwendeten Domains, Systemen, Plattformen und Ger\u00e4ten (z.B. Desktop oder Mobile) auf denen das Onlineangebot ausgef\u00fchrt wird.<\/li>\n\n\n\n<li>Die verwendeten Begrifflichkeiten, wie z.B. \u201epersonenbezogene Daten\u201c oder deren \u201eVerarbeitung\u201c verweisen wir auf die Definitionen im Art. 4 der Datenschutzgrundverordnung (DSGVO).<\/li>\n\n\n\n<li>Zu den im Rahmen dieses Onlineangebotes verarbeiteten personenbezogenen Daten der Nutzer geh\u00f6ren Bestandsdaten (z.B., Namen und Adressen von Kunden), Vertragsdaten (z.B., in Anspruch genommene Leistungen, Namen von Sachbearbeitern, Zahlungsinformationen), Nutzungsdaten (z.B., die besuchten Webseiten unseres Onlineangebotes, Interesse an unseren Produkten) und Inhaltsdaten (z.B., Eingaben im Kontaktformular).<\/li>\n\n\n\n<li>Der Begriff \u201eNutzer\u201c umfasst alle Kategorien von der Datenverarbeitung betroffener Personen. Zu ihnen geh\u00f6ren unsere Gesch\u00e4ftspartner, Kunden, Interessenten und sonstige Besucher unseres Onlineangebotes. Die verwendeten Begrifflichkeiten, wie z.B. \u201eNutzer\u201c sind geschlechtsneutral zu verstehen.<\/li>\n\n\n\n<li>Wir verarbeiten personenbezogene Daten der Nutzer nur unter Einhaltung der einschl\u00e4gigen Datenschutzbestimmungen. Das bedeutet, die Daten der Nutzer werden nur bei Vorliegen einer gesetzlichen Erlaubnis verarbeitet. D.h., insbesondere wenn die Datenverarbeitung zur Erbringung unserer vertraglichen Leistungen (z.B. Bearbeitung von Auftr\u00e4gen) sowie Online-Services erforderlich, bzw. gesetzlich vorgeschrieben ist, eine Einwilligung der Nutzer vorliegt, als auch aufgrund unserer berechtigten Interessen (d.h. Interesse an der Analyse, Optimierung und wirtschaftlichem Betrieb und Sicherheit unseres Onlineangebotes im Sinne des Art. 6 Abs. 1 lit. f. DSGVO, insbesondere bei der Reichweitenmessung, Erstellung von Profilen zu Werbe- und Marketingzwecken sowie Erhebung von Zugriffsdaten und Einsatz der Dienste von Drittanbietern.<\/li>\n\n\n\n<li>Wir weisen darauf hin, dass die Rechtsgrundlage der Einwilligungen Art. 6 Abs. 1 lit. a. und Art. 7 DSGVO, die Rechtsgrundlage f\u00fcr die Verarbeitung zur Erf\u00fcllung unserer Leistungen und Durchf\u00fchrung vertraglicher Ma\u00dfnahmen Art. 6 Abs. 1 lit. b. DSGVO, die Rechtsgrundlage f\u00fcr die Verarbeitung zur Erf\u00fcllung unserer rechtlichen Verpflichtungen Art. 6 Abs. 1 lit. c. DSGVO, und die Rechtsgrundlage f\u00fcr die Verarbeitung zur Wahrung unserer berechtigten Interessen Art. 6 Abs. 1 lit. f. DSGVO ist.<\/li>\n<\/ol>\n\n\n\n<p><strong>Sicherheitsma\u00dfnahmen<\/strong><\/p>\n\n\n\n<ol class=\"wp-block-list\">\n<li>Wir treffen organisatorische, vertragliche und technische Sicherheitsma\u00dfnahmen entsprechend dem Stand der Technik, um sicherzustellen, dass die Vorschriften der Datenschutzgesetze eingehalten werden und um damit die durch uns verarbeiteten Daten gegen zuf\u00e4llige oder vors\u00e4tzliche Manipulationen, Verlust, Zerst\u00f6rung oder gegen den Zugriff unberechtigter Personen zu sch\u00fctzen.<\/li>\n\n\n\n<li>Zu den Sicherheitsma\u00dfnahmen geh\u00f6rt insbesondere die verschl\u00fcsselte \u00dcbertragung von Daten zwischen Ihrem Browser und unserem Server.<\/li>\n<\/ol>\n\n\n\n<p><strong>Erbringung vertraglicher Leistungen<\/strong><\/p>\n\n\n\n<ol class=\"wp-block-list\">\n<li>Wir verarbeiten Bestandsdaten (z.B., Namen und Adressen sowie Kontaktdaten von Nutzern), Vertragsdaten (z.B., in Anspruch genommene Leistungen, Namen von Kontaktpersonen, Zahlungsinformationen) zwecks Erf\u00fcllung unserer vertraglichen Verpflichtungen und Serviceleistungen gem. Art. 6 Abs. 1 lit b. DSGVO.<\/li>\n\n\n\n<li>Nutzer k\u00f6nnen optional ein Nutzerkonto anlegen, indem sie insbesondere ihre Bestellungen einsehen k\u00f6nnen. Im Rahmen der Registrierung, werden die erforderlichen Pflichtangaben den Nutzern mitgeteilt. Die Nutzerkonten sind nicht \u00f6ffentlich und k\u00f6nnen von Suchmaschinen nicht indexiert werden. Wenn Nutzer ihr Nutzerkonto gek\u00fcndigt haben, werden deren Daten im Hinblick auf das Nutzerkonto gel\u00f6scht, vorbehaltlich deren Aufbewahrung ist aus handels- oder steuerrechtlichen Gr\u00fcnden entspr. Art. 6 Abs. 1 lit. c DSGVO notwendig. Es obliegt den Nutzern, ihre Daten bei erfolgter K\u00fcndigung vor dem Vertragsende zu sichern. Wir sind berechtigt, s\u00e4mtliche w\u00e4hrend der Vertragsdauer gespeicherten Daten des Nutzers unwiederbringlich zu l\u00f6schen.<\/li>\n\n\n\n<li>Im Rahmen der Registrierung und erneuter Anmeldungen sowie Inanspruchnahme unserer Onlinedienste, speichern wird die IP-Adresse und den Zeitpunkt der jeweiligen Nutzerhandlung. Die Speicherung erfolgt auf Grundlage unserer berechtigten Interessen, als auch der Nutzer an Schutz vor Missbrauch und sonstiger unbefugter Nutzung. Eine Weitergabe dieser Daten an Dritte erfolgt grunds\u00e4tzlich nicht, au\u00dfer sie ist zur Verfolgung unserer Anspr\u00fcche erforderlich oder es besteht hierzu besteht eine gesetzliche Verpflichtung gem. Art. 6 Abs. 1 lit. c DSGVO.<\/li>\n\n\n\n<li>Wir verarbeiten Nutzungsdaten (z.B., die besuchten Webseiten unseres Onlineangebotes, Interesse an unseren Produkten) und Inhaltsdaten (z.B., Eingaben im Kontaktformular oder Nutzerprofil) f\u00fcr Werbezwecke in einem Nutzerprofil, um den Nutzer z.B. Produkthinweise ausgehend von ihren bisher in Anspruch genommenen Leistungen einzublenden.<\/li>\n<\/ol>\n","protected":false},"excerpt":{"rendered":"<p>Verantwortlicher: Name: Kulturverein Sammenheim-SausenhofenStra\u00dfe Nr.: Sammenheim 52PLZ, Ort: 91723 Dittenheim1. Vorstand: Simon Bei\u00dferE-Mailadresse:\u00a0samma.rockt@gmail.com Grunds\u00e4tzliche Angaben zur Datenverarbeitung und Rechtsgrundlagen Sicherheitsma\u00dfnahmen Erbringung vertraglicher Leistungen<\/p>\n","protected":false},"author":1,"featured_media":0,"parent":0,"menu_order":0,"comment_status":"closed","ping_status":"closed","template":"","meta":{"footnotes":""},"class_list":["post-1564","page","type-page","status-publish","hentry"],"_links":{"self":[{"href":"https:\/\/www.samma-rockt.de\/index.php\/wp-json\/wp\/v2\/pages\/1564","targetHints":{"allow":["GET"]}}],"collection":[{"href":"https:\/\/www.samma-rockt.de\/index.php\/wp-json\/wp\/v2\/pages"}],"about":[{"href":"https:\/\/www.samma-rockt.de\/index.php\/wp-json\/wp\/v2\/types\/page"}],"author":[{"embeddable":true,"href":"https:\/\/www.samma-rockt.de\/index.php\/wp-json\/wp\/v2\/users\/1"}],"replies":[{"embeddable":true,"href":"https:\/\/www.samma-rockt.de\/index.php\/wp-json\/wp\/v2\/comments?post=1564"}],"version-history":[{"count":4,"href":"https:\/\/www.samma-rockt.de\/index.php\/wp-json\/wp\/v2\/pages\/1564\/revisions"}],"predecessor-version":[{"id":2856,"href":"https:\/\/www.samma-rockt.de\/index.php\/wp-json\/wp\/v2\/pages\/1564\/revisions\/2856"}],"wp:attachment":[{"href":"https:\/\/www.samma-rockt.de\/index.php\/wp-json\/wp\/v2\/media?parent=1564"}],"curies":[{"name":"wp","href":"https:\/\/api.w.org\/{rel}","templated":true}]}}