{"id":1708,"date":"2019-03-27T22:16:48","date_gmt":"2019-03-27T21:16:48","guid":{"rendered":"https:\/\/www.samma-rockt.de\/?page_id=1708"},"modified":"2025-06-20T14:35:35","modified_gmt":"2025-06-20T12:35:35","slug":"sponsoren","status":"publish","type":"page","link":"https:\/\/www.samma-rockt.de\/index.php\/sponsoren\/","title":{"rendered":"Sponsoren"},"content":{"rendered":"\t\t<div data-elementor-type=\"wp-page\" data-elementor-id=\"1708\" class=\"elementor elementor-1708\">\n\t\t\t\t\t\t<section class=\"elementor-section elementor-top-section elementor-element elementor-element-d136cf4 elementor-section-boxed elementor-section-height-default elementor-section-height-default\" data-id=\"d136cf4\" data-element_type=\"section\" data-e-type=\"section\">\n\t\t\t\t\t\t<div class=\"elementor-container elementor-column-gap-default\">\n\t\t\t\t\t<div class=\"elementor-column elementor-col-100 elementor-top-column elementor-element elementor-element-4aefead\" data-id=\"4aefead\" data-element_type=\"column\" data-e-type=\"column\">\n\t\t\t<div class=\"elementor-widget-wrap elementor-element-populated\">\n\t\t\t\t\t\t<div class=\"elementor-element elementor-element-2a99f4f elementor-widget elementor-widget-text-editor\" data-id=\"2a99f4f\" data-element_type=\"widget\" data-e-type=\"widget\" data-widget_type=\"text-editor.default\">\n\t\t\t\t<div class=\"elementor-widget-container\">\n\t\t\t\t\t\t\t\t\t<p>Ein herzliches Dankesch\u00f6n an alle Sponsoren die uns an Samma Rockt unterst\u00fctzen!<\/p><p>Die Links zu den Sponsoren k\u00f6nnen\u00a0<a href=\"https:\/\/www.samma-rockt.de\/index.php\/links\/\">hier aufgerufen<\/a>\u00a0werden.<\/p>\t\t\t\t\t\t\t\t<\/div>\n\t\t\t\t<\/div>\n\t\t\t\t<div class=\"elementor-element elementor-element-301faaf elementor-widget elementor-widget-image-gallery\" data-id=\"301faaf\" data-element_type=\"widget\" data-e-type=\"widget\" data-widget_type=\"image-gallery.default\">\n\t\t\t\t<div class=\"elementor-widget-container\">\n\t\t\t\t\t\t\t<div class=\"elementor-image-gallery\">\n\t\t\t<div id='gallery-1' class='gallery galleryid-1708 gallery-columns-3 gallery-size-medium'><figure class='gallery-item'>\n\t\t\t<div class='gallery-icon landscape'>\n\t\t\t\t<a data-elementor-open-lightbox=\"yes\" data-elementor-lightbox-slideshow=\"301faaf\" data-elementor-lightbox-title=\"lvk-neu\" data-e-action-hash=\"#elementor-action%3Aaction%3Dlightbox%26settings%3DeyJpZCI6MjkzMSwidXJsIjoiaHR0cHM6XC9cL3d3dy5zYW1tYS1yb2NrdC5kZVwvd3AtY29udGVudFwvdXBsb2Fkc1wvMjAyNVwvMDZcL2x2ay1uZXUucG5nIiwic2xpZGVzaG93IjoiMzAxZmFhZiJ9\" href='https:\/\/www.samma-rockt.de\/wp-content\/uploads\/2025\/06\/lvk-neu.png'><img fetchpriority=\"high\" decoding=\"async\" width=\"300\" height=\"210\" src=\"https:\/\/www.samma-rockt.de\/wp-content\/uploads\/2025\/06\/lvk-neu-300x210.png\" class=\"attachment-medium size-medium\" alt=\"\" srcset=\"https:\/\/www.samma-rockt.de\/wp-content\/uploads\/2025\/06\/lvk-neu-300x210.png 300w, https:\/\/www.samma-rockt.de\/wp-content\/uploads\/2025\/06\/lvk-neu.png 500w\" sizes=\"100vw\" \/><\/a>\n\t\t\t<\/div><\/figure><figure class='gallery-item'>\n\t\t\t<div class='gallery-icon landscape'>\n\t\t\t\t<a data-elementor-open-lightbox=\"yes\" data-elementor-lightbox-slideshow=\"301faaf\" data-elementor-lightbox-title=\"bayenlift\" data-e-action-hash=\"#elementor-action%3Aaction%3Dlightbox%26settings%3DeyJpZCI6Mjk0NSwidXJsIjoiaHR0cHM6XC9cL3d3dy5zYW1tYS1yb2NrdC5kZVwvd3AtY29udGVudFwvdXBsb2Fkc1wvMjAyNVwvMDZcL2JheWVubGlmdC5wbmciLCJzbGlkZXNob3ciOiIzMDFmYWFmIn0%3D\" href='https:\/\/www.samma-rockt.de\/wp-content\/uploads\/2025\/06\/bayenlift.png'><img decoding=\"async\" width=\"300\" height=\"210\" src=\"https:\/\/www.samma-rockt.de\/wp-content\/uploads\/2025\/06\/bayenlift-300x210.png\" class=\"attachment-medium size-medium\" alt=\"\" srcset=\"https:\/\/www.samma-rockt.de\/wp-content\/uploads\/2025\/06\/bayenlift-300x210.png 300w, https:\/\/www.samma-rockt.de\/wp-content\/uploads\/2025\/06\/bayenlift.png 500w\" sizes=\"100vw\" \/><\/a>\n\t\t\t<\/div><\/figure><figure class='gallery-item'>\n\t\t\t<div class='gallery-icon landscape'>\n\t\t\t\t<a data-elementor-open-lightbox=\"yes\" data-elementor-lightbox-slideshow=\"301faaf\" data-elementor-lightbox-title=\"machandy-neu\" data-e-action-hash=\"#elementor-action%3Aaction%3Dlightbox%26settings%3DeyJpZCI6MjkzMiwidXJsIjoiaHR0cHM6XC9cL3d3dy5zYW1tYS1yb2NrdC5kZVwvd3AtY29udGVudFwvdXBsb2Fkc1wvMjAyNVwvMDZcL21hY2hhbmR5LW5ldS5wbmciLCJzbGlkZXNob3ciOiIzMDFmYWFmIn0%3D\" href='https:\/\/www.samma-rockt.de\/wp-content\/uploads\/2025\/06\/machandy-neu.png'><img decoding=\"async\" width=\"300\" height=\"210\" src=\"https:\/\/www.samma-rockt.de\/wp-content\/uploads\/2025\/06\/machandy-neu-300x210.png\" class=\"attachment-medium size-medium\" alt=\"\" srcset=\"https:\/\/www.samma-rockt.de\/wp-content\/uploads\/2025\/06\/machandy-neu-300x210.png 300w, https:\/\/www.samma-rockt.de\/wp-content\/uploads\/2025\/06\/machandy-neu.png 500w\" sizes=\"100vw\" \/><\/a>\n\t\t\t<\/div><\/figure><figure class='gallery-item'>\n\t\t\t<div class='gallery-icon landscape'>\n\t\t\t\t<a data-elementor-open-lightbox=\"yes\" data-elementor-lightbox-slideshow=\"301faaf\" data-elementor-lightbox-title=\"hochreuter-neu\" data-e-action-hash=\"#elementor-action%3Aaction%3Dlightbox%26settings%3DeyJpZCI6MjkzMCwidXJsIjoiaHR0cHM6XC9cL3d3dy5zYW1tYS1yb2NrdC5kZVwvd3AtY29udGVudFwvdXBsb2Fkc1wvMjAyNVwvMDZcL2hvY2hyZXV0ZXItbmV1LnBuZyIsInNsaWRlc2hvdyI6IjMwMWZhYWYifQ%3D%3D\" href='https:\/\/www.samma-rockt.de\/wp-content\/uploads\/2025\/06\/hochreuter-neu.png'><img loading=\"lazy\" decoding=\"async\" width=\"300\" height=\"210\" src=\"https:\/\/www.samma-rockt.de\/wp-content\/uploads\/2025\/06\/hochreuter-neu-300x210.png\" class=\"attachment-medium size-medium\" alt=\"\" srcset=\"https:\/\/www.samma-rockt.de\/wp-content\/uploads\/2025\/06\/hochreuter-neu-300x210.png 300w, https:\/\/www.samma-rockt.de\/wp-content\/uploads\/2025\/06\/hochreuter-neu.png 500w\" sizes=\"100vw\" \/><\/a>\n\t\t\t<\/div><\/figure><figure class='gallery-item'>\n\t\t\t<div class='gallery-icon landscape'>\n\t\t\t\t<a data-elementor-open-lightbox=\"yes\" data-elementor-lightbox-slideshow=\"301faaf\" data-elementor-lightbox-title=\"za\u0308hnepos\" data-e-action-hash=\"#elementor-action%3Aaction%3Dlightbox%26settings%3DeyJpZCI6MjkzMywidXJsIjoiaHR0cHM6XC9cL3d3dy5zYW1tYS1yb2NrdC5kZVwvd3AtY29udGVudFwvdXBsb2Fkc1wvMjAyNVwvMDZcL3phXHUwMzA4aG5lcG9zLnBuZyIsInNsaWRlc2hvdyI6IjMwMWZhYWYifQ%3D%3D\" href='https:\/\/www.samma-rockt.de\/wp-content\/uploads\/2025\/06\/za\u0308hnepos.png'><img loading=\"lazy\" decoding=\"async\" width=\"300\" height=\"210\" src=\"https:\/\/www.samma-rockt.de\/wp-content\/uploads\/2025\/06\/za\u0308hnepos-300x210.png\" class=\"attachment-medium size-medium\" alt=\"\" srcset=\"https:\/\/www.samma-rockt.de\/wp-content\/uploads\/2025\/06\/za\u0308hnepos-300x210.png 300w, https:\/\/www.samma-rockt.de\/wp-content\/uploads\/2025\/06\/za\u0308hnepos.png 500w\" sizes=\"100vw\" \/><\/a>\n\t\t\t<\/div><\/figure><figure class='gallery-item'>\n\t\t\t<div class='gallery-icon landscape'>\n\t\t\t\t<a data-elementor-open-lightbox=\"yes\" data-elementor-lightbox-slideshow=\"301faaf\" data-elementor-lightbox-title=\"Kopie von Haas Logo\" data-e-action-hash=\"#elementor-action%3Aaction%3Dlightbox%26settings%3DeyJpZCI6MjIzNSwidXJsIjoiaHR0cHM6XC9cL3d3dy5zYW1tYS1yb2NrdC5kZVwvd3AtY29udGVudFwvdXBsb2Fkc1wvMjAyM1wvMDRcL0tvcGllLXZvbi1IYWFzLUxvZ28uanBnIiwic2xpZGVzaG93IjoiMzAxZmFhZiJ9\" href='https:\/\/www.samma-rockt.de\/wp-content\/uploads\/2023\/04\/Kopie-von-Haas-Logo.jpg'><img loading=\"lazy\" decoding=\"async\" width=\"300\" height=\"104\" src=\"https:\/\/www.samma-rockt.de\/wp-content\/uploads\/2023\/04\/Kopie-von-Haas-Logo-300x104.jpg\" class=\"attachment-medium size-medium\" alt=\"\" srcset=\"https:\/\/www.samma-rockt.de\/wp-content\/uploads\/2023\/04\/Kopie-von-Haas-Logo-300x104.jpg 300w, https:\/\/www.samma-rockt.de\/wp-content\/uploads\/2023\/04\/Kopie-von-Haas-Logo.jpg 674w\" sizes=\"100vw\" \/><\/a>\n\t\t\t<\/div><\/figure><figure class='gallery-item'>\n\t\t\t<div class='gallery-icon landscape'>\n\t\t\t\t<a data-elementor-open-lightbox=\"yes\" data-elementor-lightbox-slideshow=\"301faaf\" data-elementor-lightbox-title=\"verpalin-3-sprachig_green-Life\" data-e-action-hash=\"#elementor-action%3Aaction%3Dlightbox%26settings%3DeyJpZCI6MjIyOCwidXJsIjoiaHR0cHM6XC9cL3d3dy5zYW1tYS1yb2NrdC5kZVwvd3AtY29udGVudFwvdXBsb2Fkc1wvMjAyM1wvMDRcL3ZlcnBhbGluLTMtc3ByYWNoaWdfZ3JlZW4tTGlmZS5qcGciLCJzbGlkZXNob3ciOiIzMDFmYWFmIn0%3D\" href='https:\/\/www.samma-rockt.de\/wp-content\/uploads\/2023\/04\/verpalin-3-sprachig_green-Life.jpg'><img loading=\"lazy\" decoding=\"async\" width=\"300\" height=\"118\" src=\"https:\/\/www.samma-rockt.de\/wp-content\/uploads\/2023\/04\/verpalin-3-sprachig_green-Life-300x118.jpg\" class=\"attachment-medium size-medium\" alt=\"\" srcset=\"https:\/\/www.samma-rockt.de\/wp-content\/uploads\/2023\/04\/verpalin-3-sprachig_green-Life-300x118.jpg 300w, https:\/\/www.samma-rockt.de\/wp-content\/uploads\/2023\/04\/verpalin-3-sprachig_green-Life-1024x402.jpg 1024w, https:\/\/www.samma-rockt.de\/wp-content\/uploads\/2023\/04\/verpalin-3-sprachig_green-Life-768x302.jpg 768w, https:\/\/www.samma-rockt.de\/wp-content\/uploads\/2023\/04\/verpalin-3-sprachig_green-Life-676x265.jpg 676w, https:\/\/www.samma-rockt.de\/wp-content\/uploads\/2023\/04\/verpalin-3-sprachig_green-Life.jpg 1350w\" sizes=\"100vw\" \/><\/a>\n\t\t\t<\/div><\/figure><figure class='gallery-item'>\n\t\t\t<div class='gallery-icon landscape'>\n\t\t\t\t<a data-elementor-open-lightbox=\"yes\" data-elementor-lightbox-slideshow=\"301faaf\" data-elementor-lightbox-title=\"vencotec\" data-e-action-hash=\"#elementor-action%3Aaction%3Dlightbox%26settings%3DeyJpZCI6MTg1OSwidXJsIjoiaHR0cHM6XC9cL3d3dy5zYW1tYS1yb2NrdC5kZVwvd3AtY29udGVudFwvdXBsb2Fkc1wvMjAxOVwvMDRcL3ZlbmNvdGVjLnBuZyIsInNsaWRlc2hvdyI6IjMwMWZhYWYifQ%3D%3D\" href='https:\/\/www.samma-rockt.de\/wp-content\/uploads\/2019\/04\/vencotec.png'><img loading=\"lazy\" decoding=\"async\" width=\"300\" height=\"210\" src=\"https:\/\/www.samma-rockt.de\/wp-content\/uploads\/2019\/04\/vencotec-300x210.png\" class=\"attachment-medium size-medium\" alt=\"\" srcset=\"https:\/\/www.samma-rockt.de\/wp-content\/uploads\/2019\/04\/vencotec-300x210.png 300w, https:\/\/www.samma-rockt.de\/wp-content\/uploads\/2019\/04\/vencotec.png 500w\" sizes=\"100vw\" \/><\/a>\n\t\t\t<\/div><\/figure><figure class='gallery-item'>\n\t\t\t<div class='gallery-icon landscape'>\n\t\t\t\t<a data-elementor-open-lightbox=\"yes\" data-elementor-lightbox-slideshow=\"301faaf\" data-elementor-lightbox-title=\"sorg\" data-e-action-hash=\"#elementor-action%3Aaction%3Dlightbox%26settings%3DeyJpZCI6MTk5NSwidXJsIjoiaHR0cHM6XC9cL3d3dy5zYW1tYS1yb2NrdC5kZVwvd3AtY29udGVudFwvdXBsb2Fkc1wvMjAxOVwvMDZcL3NvcmcucG5nIiwic2xpZGVzaG93IjoiMzAxZmFhZiJ9\" href='https:\/\/www.samma-rockt.de\/wp-content\/uploads\/2019\/06\/sorg.png'><img loading=\"lazy\" decoding=\"async\" width=\"300\" height=\"210\" src=\"https:\/\/www.samma-rockt.de\/wp-content\/uploads\/2019\/06\/sorg-300x210.png\" class=\"attachment-medium size-medium\" alt=\"\" srcset=\"https:\/\/www.samma-rockt.de\/wp-content\/uploads\/2019\/06\/sorg-300x210.png 300w, https:\/\/www.samma-rockt.de\/wp-content\/uploads\/2019\/06\/sorg.png 500w\" sizes=\"100vw\" \/><\/a>\n\t\t\t<\/div><\/figure><figure class='gallery-item'>\n\t\t\t<div class='gallery-icon landscape'>\n\t\t\t\t<a data-elementor-open-lightbox=\"yes\" data-elementor-lightbox-slideshow=\"301faaf\" data-elementor-lightbox-title=\"heizomat_logo\" data-e-action-hash=\"#elementor-action%3Aaction%3Dlightbox%26settings%3DeyJpZCI6MjAyOCwidXJsIjoiaHR0cHM6XC9cL3d3dy5zYW1tYS1yb2NrdC5kZVwvd3AtY29udGVudFwvdXBsb2Fkc1wvMjAxOVwvMDdcL2hlaXpvbWF0X2xvZ28ucG5nIiwic2xpZGVzaG93IjoiMzAxZmFhZiJ9\" href='https:\/\/www.samma-rockt.de\/wp-content\/uploads\/2019\/07\/heizomat_logo.png'><img loading=\"lazy\" decoding=\"async\" width=\"300\" height=\"210\" src=\"https:\/\/www.samma-rockt.de\/wp-content\/uploads\/2019\/07\/heizomat_logo-300x210.png\" class=\"attachment-medium size-medium\" alt=\"\" srcset=\"https:\/\/www.samma-rockt.de\/wp-content\/uploads\/2019\/07\/heizomat_logo-300x210.png 300w, https:\/\/www.samma-rockt.de\/wp-content\/uploads\/2019\/07\/heizomat_logo.png 500w\" sizes=\"100vw\" \/><\/a>\n\t\t\t<\/div><\/figure><figure class='gallery-item'>\n\t\t\t<div class='gallery-icon landscape'>\n\t\t\t\t<a data-elementor-open-lightbox=\"yes\" data-elementor-lightbox-slideshow=\"301faaf\" data-elementor-lightbox-title=\"w\u00fcst&amp;weigand\" data-e-action-hash=\"#elementor-action%3Aaction%3Dlightbox%26settings%3DeyJpZCI6MTg2MSwidXJsIjoiaHR0cHM6XC9cL3d3dy5zYW1tYS1yb2NrdC5kZVwvd3AtY29udGVudFwvdXBsb2Fkc1wvMjAxOVwvMDRcL3dcdTAwZmNzdHdlaWdhbmQucG5nIiwic2xpZGVzaG93IjoiMzAxZmFhZiJ9\" href='https:\/\/www.samma-rockt.de\/wp-content\/uploads\/2019\/04\/w\u00fcstweigand.png'><img loading=\"lazy\" decoding=\"async\" width=\"300\" height=\"210\" src=\"https:\/\/www.samma-rockt.de\/wp-content\/uploads\/2019\/04\/w\u00fcstweigand-300x210.png\" class=\"attachment-medium size-medium\" alt=\"\" srcset=\"https:\/\/www.samma-rockt.de\/wp-content\/uploads\/2019\/04\/w\u00fcstweigand-300x210.png 300w, https:\/\/www.samma-rockt.de\/wp-content\/uploads\/2019\/04\/w\u00fcstweigand.png 500w\" sizes=\"100vw\" \/><\/a>\n\t\t\t<\/div><\/figure><figure class='gallery-item'>\n\t\t\t<div class='gallery-icon landscape'>\n\t\t\t\t<a data-elementor-open-lightbox=\"yes\" data-elementor-lightbox-slideshow=\"301faaf\" data-elementor-lightbox-title=\"Logo_Altmuehlfranken_1c\" data-e-action-hash=\"#elementor-action%3Aaction%3Dlightbox%26settings%3DeyJpZCI6MjIyNiwidXJsIjoiaHR0cHM6XC9cL3d3dy5zYW1tYS1yb2NrdC5kZVwvd3AtY29udGVudFwvdXBsb2Fkc1wvMjAyM1wvMDRcL0xvZ29fQWx0bXVlaGxmcmFua2VuXzFjLmpwZyIsInNsaWRlc2hvdyI6IjMwMWZhYWYifQ%3D%3D\" href='https:\/\/www.samma-rockt.de\/wp-content\/uploads\/2023\/04\/Logo_Altmuehlfranken_1c.jpg'><img loading=\"lazy\" decoding=\"async\" width=\"300\" height=\"86\" src=\"https:\/\/www.samma-rockt.de\/wp-content\/uploads\/2023\/04\/Logo_Altmuehlfranken_1c-300x86.jpg\" class=\"attachment-medium size-medium\" alt=\"\" srcset=\"https:\/\/www.samma-rockt.de\/wp-content\/uploads\/2023\/04\/Logo_Altmuehlfranken_1c-300x86.jpg 300w, https:\/\/www.samma-rockt.de\/wp-content\/uploads\/2023\/04\/Logo_Altmuehlfranken_1c-1024x295.jpg 1024w, https:\/\/www.samma-rockt.de\/wp-content\/uploads\/2023\/04\/Logo_Altmuehlfranken_1c-768x221.jpg 768w, https:\/\/www.samma-rockt.de\/wp-content\/uploads\/2023\/04\/Logo_Altmuehlfranken_1c-1536x442.jpg 1536w, https:\/\/www.samma-rockt.de\/wp-content\/uploads\/2023\/04\/Logo_Altmuehlfranken_1c-2048x589.jpg 2048w, https:\/\/www.samma-rockt.de\/wp-content\/uploads\/2023\/04\/Logo_Altmuehlfranken_1c-676x195.jpg 676w\" sizes=\"100vw\" \/><\/a>\n\t\t\t<\/div><\/figure><figure class='gallery-item'>\n\t\t\t<div class='gallery-icon landscape'>\n\t\t\t\t<a data-elementor-open-lightbox=\"yes\" data-elementor-lightbox-slideshow=\"301faaf\" data-elementor-lightbox-title=\"Logo-VERLAUF-1\" data-e-action-hash=\"#elementor-action%3Aaction%3Dlightbox%26settings%3DeyJpZCI6MjIyMSwidXJsIjoiaHR0cHM6XC9cL3d3dy5zYW1tYS1yb2NrdC5kZVwvd3AtY29udGVudFwvdXBsb2Fkc1wvMjAyM1wvMDRcL0xvZ28tVkVSTEFVRi0xLnBuZyIsInNsaWRlc2hvdyI6IjMwMWZhYWYifQ%3D%3D\" href='https:\/\/www.samma-rockt.de\/wp-content\/uploads\/2023\/04\/Logo-VERLAUF-1.png'><img loading=\"lazy\" decoding=\"async\" width=\"300\" height=\"71\" src=\"https:\/\/www.samma-rockt.de\/wp-content\/uploads\/2023\/04\/Logo-VERLAUF-1-300x71.png\" class=\"attachment-medium size-medium\" alt=\"\" srcset=\"https:\/\/www.samma-rockt.de\/wp-content\/uploads\/2023\/04\/Logo-VERLAUF-1-300x71.png 300w, https:\/\/www.samma-rockt.de\/wp-content\/uploads\/2023\/04\/Logo-VERLAUF-1-1024x243.png 1024w, https:\/\/www.samma-rockt.de\/wp-content\/uploads\/2023\/04\/Logo-VERLAUF-1-768x182.png 768w, https:\/\/www.samma-rockt.de\/wp-content\/uploads\/2023\/04\/Logo-VERLAUF-1-1536x364.png 1536w, https:\/\/www.samma-rockt.de\/wp-content\/uploads\/2023\/04\/Logo-VERLAUF-1-2048x486.png 2048w, https:\/\/www.samma-rockt.de\/wp-content\/uploads\/2023\/04\/Logo-VERLAUF-1-676x160.png 676w\" sizes=\"100vw\" \/><\/a>\n\t\t\t<\/div><\/figure><figure class='gallery-item'>\n\t\t\t<div class='gallery-icon landscape'>\n\t\t\t\t<a data-elementor-open-lightbox=\"yes\" data-elementor-lightbox-slideshow=\"301faaf\" data-elementor-lightbox-title=\"Spalter_Bierdeckel-1\" data-e-action-hash=\"#elementor-action%3Aaction%3Dlightbox%26settings%3DeyJpZCI6MjIyNywidXJsIjoiaHR0cHM6XC9cL3d3dy5zYW1tYS1yb2NrdC5kZVwvd3AtY29udGVudFwvdXBsb2Fkc1wvMjAyM1wvMDRcL1NwYWx0ZXJfQmllcmRlY2tlbC0xLnBuZyIsInNsaWRlc2hvdyI6IjMwMWZhYWYifQ%3D%3D\" href='https:\/\/www.samma-rockt.de\/wp-content\/uploads\/2023\/04\/Spalter_Bierdeckel-1.png'><img loading=\"lazy\" decoding=\"async\" width=\"300\" height=\"300\" src=\"https:\/\/www.samma-rockt.de\/wp-content\/uploads\/2023\/04\/Spalter_Bierdeckel-1-300x300.png\" class=\"attachment-medium size-medium\" alt=\"\" srcset=\"https:\/\/www.samma-rockt.de\/wp-content\/uploads\/2023\/04\/Spalter_Bierdeckel-1-300x300.png 300w, https:\/\/www.samma-rockt.de\/wp-content\/uploads\/2023\/04\/Spalter_Bierdeckel-1-1024x1024.png 1024w, https:\/\/www.samma-rockt.de\/wp-content\/uploads\/2023\/04\/Spalter_Bierdeckel-1-150x150.png 150w, https:\/\/www.samma-rockt.de\/wp-content\/uploads\/2023\/04\/Spalter_Bierdeckel-1-768x768.png 768w, https:\/\/www.samma-rockt.de\/wp-content\/uploads\/2023\/04\/Spalter_Bierdeckel-1-1536x1536.png 1536w, https:\/\/www.samma-rockt.de\/wp-content\/uploads\/2023\/04\/Spalter_Bierdeckel-1-2048x2048.png 2048w, https:\/\/www.samma-rockt.de\/wp-content\/uploads\/2023\/04\/Spalter_Bierdeckel-1-676x676.png 676w\" sizes=\"100vw\" \/><\/a>\n\t\t\t<\/div><\/figure><figure class='gallery-item'>\n\t\t\t<div class='gallery-icon landscape'>\n\t\t\t\t<a data-elementor-open-lightbox=\"yes\" data-elementor-lightbox-slideshow=\"301faaf\" data-elementor-lightbox-title=\"FFS_Logo-1\" data-e-action-hash=\"#elementor-action%3Aaction%3Dlightbox%26settings%3DeyJpZCI6MjIxOCwidXJsIjoiaHR0cHM6XC9cL3d3dy5zYW1tYS1yb2NrdC5kZVwvd3AtY29udGVudFwvdXBsb2Fkc1wvMjAyM1wvMDRcL0ZGU19Mb2dvLTEuanBnIiwic2xpZGVzaG93IjoiMzAxZmFhZiJ9\" href='https:\/\/www.samma-rockt.de\/wp-content\/uploads\/2023\/04\/FFS_Logo-1.jpg'><img loading=\"lazy\" decoding=\"async\" width=\"300\" height=\"300\" src=\"https:\/\/www.samma-rockt.de\/wp-content\/uploads\/2023\/04\/FFS_Logo-1-300x300.jpg\" class=\"attachment-medium size-medium\" alt=\"\" srcset=\"https:\/\/www.samma-rockt.de\/wp-content\/uploads\/2023\/04\/FFS_Logo-1-300x300.jpg 300w, https:\/\/www.samma-rockt.de\/wp-content\/uploads\/2023\/04\/FFS_Logo-1-1024x1022.jpg 1024w, https:\/\/www.samma-rockt.de\/wp-content\/uploads\/2023\/04\/FFS_Logo-1-150x150.jpg 150w, https:\/\/www.samma-rockt.de\/wp-content\/uploads\/2023\/04\/FFS_Logo-1-768x767.jpg 768w, https:\/\/www.samma-rockt.de\/wp-content\/uploads\/2023\/04\/FFS_Logo-1-676x675.jpg 676w, https:\/\/www.samma-rockt.de\/wp-content\/uploads\/2023\/04\/FFS_Logo-1.jpg 1158w\" sizes=\"100vw\" \/><\/a>\n\t\t\t<\/div><\/figure><figure class='gallery-item'>\n\t\t\t<div class='gallery-icon portrait'>\n\t\t\t\t<a data-elementor-open-lightbox=\"yes\" data-elementor-lightbox-slideshow=\"301faaf\" data-elementor-lightbox-title=\"sar\" data-e-action-hash=\"#elementor-action%3Aaction%3Dlightbox%26settings%3DeyJpZCI6MjIyNSwidXJsIjoiaHR0cHM6XC9cL3d3dy5zYW1tYS1yb2NrdC5kZVwvd3AtY29udGVudFwvdXBsb2Fkc1wvMjAyM1wvMDRcL3Nhci5wbmciLCJzbGlkZXNob3ciOiIzMDFmYWFmIn0%3D\" href='https:\/\/www.samma-rockt.de\/wp-content\/uploads\/2023\/04\/sar.png'><img loading=\"lazy\" decoding=\"async\" width=\"263\" height=\"300\" src=\"https:\/\/www.samma-rockt.de\/wp-content\/uploads\/2023\/04\/sar-263x300.png\" class=\"attachment-medium size-medium\" alt=\"\" srcset=\"https:\/\/www.samma-rockt.de\/wp-content\/uploads\/2023\/04\/sar-263x300.png 263w, https:\/\/www.samma-rockt.de\/wp-content\/uploads\/2023\/04\/sar.png 609w\" sizes=\"100vw\" \/><\/a>\n\t\t\t<\/div><\/figure><figure class='gallery-item'>\n\t\t\t<div class='gallery-icon landscape'>\n\t\t\t\t<a data-elementor-open-lightbox=\"yes\" data-elementor-lightbox-slideshow=\"301faaf\" data-elementor-lightbox-title=\"sparkasse\" data-e-action-hash=\"#elementor-action%3Aaction%3Dlightbox%26settings%3DeyJpZCI6MTg1OCwidXJsIjoiaHR0cHM6XC9cL3d3dy5zYW1tYS1yb2NrdC5kZVwvd3AtY29udGVudFwvdXBsb2Fkc1wvMjAxOVwvMDRcL3NwYXJrYXNzZS5wbmciLCJzbGlkZXNob3ciOiIzMDFmYWFmIn0%3D\" href='https:\/\/www.samma-rockt.de\/wp-content\/uploads\/2019\/04\/sparkasse.png'><img loading=\"lazy\" decoding=\"async\" width=\"300\" height=\"210\" src=\"https:\/\/www.samma-rockt.de\/wp-content\/uploads\/2019\/04\/sparkasse-300x210.png\" class=\"attachment-medium size-medium\" alt=\"\" srcset=\"https:\/\/www.samma-rockt.de\/wp-content\/uploads\/2019\/04\/sparkasse-300x210.png 300w, https:\/\/www.samma-rockt.de\/wp-content\/uploads\/2019\/04\/sparkasse.png 500w\" sizes=\"100vw\" \/><\/a>\n\t\t\t<\/div><\/figure><figure class='gallery-item'>\n\t\t\t<div class='gallery-icon landscape'>\n\t\t\t\t<a data-elementor-open-lightbox=\"yes\" data-elementor-lightbox-slideshow=\"301faaf\" data-elementor-lightbox-title=\"j\u00e4ger\" data-e-action-hash=\"#elementor-action%3Aaction%3Dlightbox%26settings%3DeyJpZCI6MTg0NiwidXJsIjoiaHR0cHM6XC9cL3d3dy5zYW1tYS1yb2NrdC5kZVwvd3AtY29udGVudFwvdXBsb2Fkc1wvMjAxOVwvMDRcL2pcdTAwZTRnZXIucG5nIiwic2xpZGVzaG93IjoiMzAxZmFhZiJ9\" href='https:\/\/www.samma-rockt.de\/wp-content\/uploads\/2019\/04\/j\u00e4ger.png'><img loading=\"lazy\" decoding=\"async\" width=\"300\" height=\"210\" src=\"https:\/\/www.samma-rockt.de\/wp-content\/uploads\/2019\/04\/j\u00e4ger-300x210.png\" class=\"attachment-medium size-medium\" alt=\"\" srcset=\"https:\/\/www.samma-rockt.de\/wp-content\/uploads\/2019\/04\/j\u00e4ger-300x210.png 300w, https:\/\/www.samma-rockt.de\/wp-content\/uploads\/2019\/04\/j\u00e4ger.png 500w\" sizes=\"100vw\" \/><\/a>\n\t\t\t<\/div><\/figure><figure class='gallery-item'>\n\t\t\t<div class='gallery-icon landscape'>\n\t\t\t\t<a data-elementor-open-lightbox=\"yes\" data-elementor-lightbox-slideshow=\"301faaf\" data-elementor-lightbox-title=\"gutmann\" data-e-action-hash=\"#elementor-action%3Aaction%3Dlightbox%26settings%3DeyJpZCI6MTg0MiwidXJsIjoiaHR0cHM6XC9cL3d3dy5zYW1tYS1yb2NrdC5kZVwvd3AtY29udGVudFwvdXBsb2Fkc1wvMjAxOVwvMDRcL2d1dG1hbm4ucG5nIiwic2xpZGVzaG93IjoiMzAxZmFhZiJ9\" href='https:\/\/www.samma-rockt.de\/wp-content\/uploads\/2019\/04\/gutmann.png'><img loading=\"lazy\" decoding=\"async\" width=\"300\" height=\"210\" src=\"https:\/\/www.samma-rockt.de\/wp-content\/uploads\/2019\/04\/gutmann-300x210.png\" class=\"attachment-medium size-medium\" alt=\"\" srcset=\"https:\/\/www.samma-rockt.de\/wp-content\/uploads\/2019\/04\/gutmann-300x210.png 300w, https:\/\/www.samma-rockt.de\/wp-content\/uploads\/2019\/04\/gutmann.png 500w\" sizes=\"100vw\" \/><\/a>\n\t\t\t<\/div><\/figure><figure class='gallery-item'>\n\t\t\t<div class='gallery-icon landscape'>\n\t\t\t\t<a data-elementor-open-lightbox=\"yes\" data-elementor-lightbox-slideshow=\"301faaf\" data-elementor-lightbox-title=\"grillenberger2\" data-e-action-hash=\"#elementor-action%3Aaction%3Dlightbox%26settings%3DeyJpZCI6MTg0MSwidXJsIjoiaHR0cHM6XC9cL3d3dy5zYW1tYS1yb2NrdC5kZVwvd3AtY29udGVudFwvdXBsb2Fkc1wvMjAxOVwvMDRcL2dyaWxsZW5iZXJnZXIyLnBuZyIsInNsaWRlc2hvdyI6IjMwMWZhYWYifQ%3D%3D\" href='https:\/\/www.samma-rockt.de\/wp-content\/uploads\/2019\/04\/grillenberger2.png'><img loading=\"lazy\" decoding=\"async\" width=\"300\" height=\"210\" src=\"https:\/\/www.samma-rockt.de\/wp-content\/uploads\/2019\/04\/grillenberger2-300x210.png\" class=\"attachment-medium size-medium\" alt=\"\" srcset=\"https:\/\/www.samma-rockt.de\/wp-content\/uploads\/2019\/04\/grillenberger2-300x210.png 300w, https:\/\/www.samma-rockt.de\/wp-content\/uploads\/2019\/04\/grillenberger2.png 500w\" sizes=\"100vw\" \/><\/a>\n\t\t\t<\/div><\/figure><figure class='gallery-item'>\n\t\t\t<div class='gallery-icon landscape'>\n\t\t\t\t<a data-elementor-open-lightbox=\"yes\" data-elementor-lightbox-slideshow=\"301faaf\" data-elementor-lightbox-title=\"logo_kleeberger_fbg-1\" data-e-action-hash=\"#elementor-action%3Aaction%3Dlightbox%26settings%3DeyJpZCI6MjIxOSwidXJsIjoiaHR0cHM6XC9cL3d3dy5zYW1tYS1yb2NrdC5kZVwvd3AtY29udGVudFwvdXBsb2Fkc1wvMjAyM1wvMDRcL2xvZ29fa2xlZWJlcmdlcl9mYmctMS5wbmciLCJzbGlkZXNob3ciOiIzMDFmYWFmIn0%3D\" href='https:\/\/www.samma-rockt.de\/wp-content\/uploads\/2023\/04\/logo_kleeberger_fbg-1.png'><img loading=\"lazy\" decoding=\"async\" width=\"300\" height=\"300\" src=\"https:\/\/www.samma-rockt.de\/wp-content\/uploads\/2023\/04\/logo_kleeberger_fbg-1-300x300.png\" class=\"attachment-medium size-medium\" alt=\"\" srcset=\"https:\/\/www.samma-rockt.de\/wp-content\/uploads\/2023\/04\/logo_kleeberger_fbg-1-300x300.png 300w, https:\/\/www.samma-rockt.de\/wp-content\/uploads\/2023\/04\/logo_kleeberger_fbg-1-1024x1024.png 1024w, https:\/\/www.samma-rockt.de\/wp-content\/uploads\/2023\/04\/logo_kleeberger_fbg-1-150x150.png 150w, https:\/\/www.samma-rockt.de\/wp-content\/uploads\/2023\/04\/logo_kleeberger_fbg-1-768x768.png 768w, https:\/\/www.samma-rockt.de\/wp-content\/uploads\/2023\/04\/logo_kleeberger_fbg-1-676x676.png 676w, https:\/\/www.samma-rockt.de\/wp-content\/uploads\/2023\/04\/logo_kleeberger_fbg-1.png 1040w\" sizes=\"100vw\" \/><\/a>\n\t\t\t<\/div><\/figure>\n\t\t<\/div>\n\t\t<\/div>\n\t\t\t\t\t\t<\/div>\n\t\t\t\t<\/div>\n\t\t\t\t\t<\/div>\n\t\t<\/div>\n\t\t\t\t\t<\/div>\n\t\t<\/section>\n\t\t\t\t<\/div>\n\t\t","protected":false},"excerpt":{"rendered":"<p>Ein herzliches Dankesch\u00f6n an alle Sponsoren die uns an Samma Rockt unterst\u00fctzen! Die Links zu den Sponsoren k\u00f6nnen\u00a0hier aufgerufen\u00a0werden.<\/p>\n","protected":false},"author":1,"featured_media":0,"parent":0,"menu_order":0,"comment_status":"closed","ping_status":"closed","template":"","meta":{"footnotes":""},"class_list":["post-1708","page","type-page","status-publish","hentry"],"_links":{"self":[{"href":"https:\/\/www.samma-rockt.de\/index.php\/wp-json\/wp\/v2\/pages\/1708","targetHints":{"allow":["GET"]}}],"collection":[{"href":"https:\/\/www.samma-rockt.de\/index.php\/wp-json\/wp\/v2\/pages"}],"about":[{"href":"https:\/\/www.samma-rockt.de\/index.php\/wp-json\/wp\/v2\/types\/page"}],"author":[{"embeddable":true,"href":"https:\/\/www.samma-rockt.de\/index.php\/wp-json\/wp\/v2\/users\/1"}],"replies":[{"embeddable":true,"href":"https:\/\/www.samma-rockt.de\/index.php\/wp-json\/wp\/v2\/comments?post=1708"}],"version-history":[{"count":51,"href":"https:\/\/www.samma-rockt.de\/index.php\/wp-json\/wp\/v2\/pages\/1708\/revisions"}],"predecessor-version":[{"id":2948,"href":"https:\/\/www.samma-rockt.de\/index.php\/wp-json\/wp\/v2\/pages\/1708\/revisions\/2948"}],"wp:attachment":[{"href":"https:\/\/www.samma-rockt.de\/index.php\/wp-json\/wp\/v2\/media?parent=1708"}],"curies":[{"name":"wp","href":"https:\/\/api.w.org\/{rel}","templated":true}]}}